{"id":4,"date":"2013-01-18T14:47:09","date_gmt":"2013-01-18T13:47:09","guid":{"rendered":"http:\/\/brain4help.zeus.umh.es\/presentacion\/"},"modified":"2013-02-21T17:46:46","modified_gmt":"2013-02-21T16:46:46","slug":"presentacion","status":"publish","type":"page","link":"https:\/\/brain4help.umh.es\/en\/","title":{"rendered":"Presentation"},"content":{"rendered":"<p><\/p>\n<h1 style=\"text-align: center\">MAPFRE PROJECT 2013<\/h1>\n<p style=\"text-align: center\">\n<h2 style=\"text-align: center\">COMMUNICATION SYSTEM OF BASIC NEEDS<\/p>\n<p>BASED ON EEG SIGNALS FOR PEOPLE WITH BRAIN AND\/OR SEVERE SPINAL DAMAGE<\/h2>\n<p style=\"text-align: center\">\n<p><a href=\"http:\/\/www.fundacionmapfre.org\/\"><img loading=\"lazy\" class=\"size-full wp-image-7 alignleft\" style=\"margin: 20px\" title=\"Ayudas a la investigaci\u00f3n 2012 - Mapfre\" src=\"https:\/\/brain4help.umh.es\/files\/2013\/01\/180-ayudas-investigacion-2012_tcm164-9312.jpg\" alt=\"\" width=\"180\" height=\"255\" \/><\/a><a href=\"https:\/\/brain4help.umh.es\/files\/2013\/01\/LOGO_FUNDACION_MAPFREdef.jpg\"><img loading=\"lazy\" class=\"size-medium wp-image-8 alignright\" style=\"margin: 20px\" title=\"LOGO_FUNDACION_MAPFREdef\" src=\"https:\/\/brain4help.umh.es\/files\/2013\/01\/LOGO_FUNDACION_MAPFREdef-300x80.jpg\" alt=\"\" width=\"178\" height=\"47\" srcset=\"https:\/\/brain4help.umh.es\/files\/2013\/01\/LOGO_FUNDACION_MAPFREdef-300x80.jpg 300w, https:\/\/brain4help.umh.es\/files\/2013\/01\/LOGO_FUNDACION_MAPFREdef-1023x275.jpg 1023w\" sizes=\"(max-width: 178px) 100vw, 178px\" \/><\/a><\/p>\n<p style=\"text-align: center\"><em>The project has been granted by the <a title=\"Fundaci\u00f3n MAPFRE\" href=\"http:\/\/www.fundacionmapfre.org\/\" target=\"_blank\">Fundaci\u00f3n MAPFRE<\/a> in the call &#8220;Ayudas a la Investigaci\u00f3n 2012 en el \u00c1rea de Salud&#8221; to be developed by Biomedical Neuroengineering Group of the Miguel Hern\u00e1ndez University of Elche.<\/em><\/p>\n<p><em> <\/em><\/p>\n<p><em> <\/em><\/p>\n<p style=\"text-align: center\"><a title=\"Bases de la convocatoria\" href=\"http:\/\/www.fundacionmapfre.org\/fundacion\/es_es\/prevencion-salud-medio-ambiente\/becas-y-ayudas\/ayudas-investigacion\/salud\/ano-2012\/ayudas-investigacion-2012-salud.jsp\" target=\"_blank\">Bases of the call<\/a> &#8211; <a title=\"Fallo de la convocatoria\" href=\"http:\/\/www.fundacionmapfre.org\/fundacion\/es_es\/prevencion-salud-medio-ambiente\/becas-y-ayudas\/ayudas-investigacion\/salud\/ano-2012\/concurso-ayudas-investigacion-2012-salud.jsp\" target=\"_blank\">Decision of the call<\/a><\/p>\n<p><strong>Project duration<\/strong>: from 14\/02\/2013 to 13\/02\/2014<\/p>\n<p><a href=\"https:\/\/brain4help.umh.es\/files\/2013\/01\/logoumhcuadradocopia.jpg\"><img loading=\"lazy\" class=\"size-medium wp-image-9 alignright\" style=\"margin: 20px\" title=\"logoumhcuadradocopia\" src=\"https:\/\/brain4help.umh.es\/files\/2013\/01\/logoumhcuadradocopia-296x300.jpg\" alt=\"\" width=\"178\" height=\"180\" srcset=\"https:\/\/brain4help.umh.es\/files\/2013\/01\/logoumhcuadradocopia-296x300.jpg 296w, https:\/\/brain4help.umh.es\/files\/2013\/01\/logoumhcuadradocopia.jpg 475w\" sizes=\"(max-width: 178px) 100vw, 178px\" \/><\/a><\/p>\n<p style=\"text-align: justify\">Nowadays there are many people with brain and \/ or severe spinal damage (0.69% of the population in Spain). These people cannot communicate in the usual way by not being able to express verballly or gesturally. This makes it difficult for people around them to know their emotional state or help them to satisfy their basic needs as knowing, for example, if they are hungry, cold or sleep.<\/p>\n<p style=\"text-align: justify\">To increase the quality of communication of these people with their family the use of Brain-Computer Interfaces (BCI) is proposed. These allow people to interact or communicate with the people around them through their brain signals, i.e., without any motor movement. Non-invasive brain interfaces based on electroencephalographic signals (EEG) consist of recording the brain activity through electrodes placed on the scalp.<\/p>\n<p style=\"text-align: justify\">Evoked BCI interfaces will be used in this project. These interfaces reflect the automatic brain response to an external stimulus, generally in the form of visual stimulation. The user only has to fix his attention on one of the options presented on the screen, so that after a certain visual stimuli generated, the option is recognized from the brain&#8217;s response of the person. Such interfaces have already been developed by our research group successfully creating writing applications and control of a keyboard and mouse to access Internet from the brain activity of the person.<\/p>\n<p style=\"text-align: justify\">\n<p><\/p>","protected":false},"excerpt":{"rendered":"<p>MAPFRE PROJECT 2013<\/p>\n<p>COMMUNICATION SYSTEM OF BASIC NEEDS<br \/>\nBASED ON EEG SIGNALS FOR PEOPLE WITH BRAIN AND\/OR SEVERE SPINAL DAMAGE<\/p>\n<p>The project has been granted by the Fundaci\u00f3n MAPFRE in the call &#8220;Ayudas a la Investigaci\u00f3n 2012 en el \u00c1rea de Salud&#8221; to be developed by Biomedical Neuroengineering Group of the Miguel Hern\u00e1ndez University of Elche.<\/p>\n<p>Bases [&#8230;]<\/p>\n","protected":false},"author":802,"featured_media":0,"parent":0,"menu_order":0,"comment_status":"closed","ping_status":"open","template":"","meta":{"_links_to":"","_links_to_target":""},"_links":{"self":[{"href":"https:\/\/brain4help.umh.es\/en\/wp-json\/wp\/v2\/pages\/4"}],"collection":[{"href":"https:\/\/brain4help.umh.es\/en\/wp-json\/wp\/v2\/pages"}],"about":[{"href":"https:\/\/brain4help.umh.es\/en\/wp-json\/wp\/v2\/types\/page"}],"author":[{"embeddable":true,"href":"https:\/\/brain4help.umh.es\/en\/wp-json\/wp\/v2\/users\/802"}],"replies":[{"embeddable":true,"href":"https:\/\/brain4help.umh.es\/en\/wp-json\/wp\/v2\/comments?post=4"}],"version-history":[{"count":0,"href":"https:\/\/brain4help.umh.es\/en\/wp-json\/wp\/v2\/pages\/4\/revisions"}],"wp:attachment":[{"href":"https:\/\/brain4help.umh.es\/en\/wp-json\/wp\/v2\/media?parent=4"}],"curies":[{"name":"wp","href":"https:\/\/api.w.org\/{rel}","templated":true}]}}