{"id":6,"date":"2013-01-23T17:45:10","date_gmt":"2013-01-23T16:45:10","guid":{"rendered":"http:\/\/brain4help.umh.es\/?page_id=6"},"modified":"2013-01-28T18:07:53","modified_gmt":"2013-01-28T17:07:53","slug":"objetivos","status":"publish","type":"page","link":"https:\/\/brain4help.umh.es\/ca\/objetivos\/","title":{"rendered":"Objectius"},"content":{"rendered":"<p><\/p>\n<p><p><strong>Objectius<\/strong><\/p>\n<p style=\"text-align: justify\">L&#8217;objectiu principal d&#8217;aquest projecte \u00e9s desenvolupar una interf\u00edcie cerebral no invasiva basada en senyals EEG evocats, que permeta a una persona amb dany cerebral i\/o medul\u00b7lar sever expressar les seues necessitats b\u00e0siques. Per a aix\u00f2 es dissenyar\u00e0 una interf\u00edcie que presente a l&#8217;usuari certs s\u00edmbols que representen necessitats b\u00e0siques (fam, set, dolor, etc.), estats emocionals (felicitat, tristesa, enuig, etc.) i frases elementals (s\u00ed, no, m&#8217;agrada, gr\u00e0cies, etc.). D&#8217;aquesta forma, l&#8217;usuari haur\u00e0 de fixar-se \u00fanicament en el s\u00edmbol que represente all\u00f2 que vulga expressar i el sistema ser\u00e0 capa\u00e7 de detectar-ho. Finalment, l&#8217;opci\u00f3 seleccionada per l&#8217;usuari ser\u00e0 mostrada en la pantalla i per mitjans sonors mitjan\u00e7ant un altaveu, de manera que les persones del seu entorn coneixeran les seues necessitats.<\/p>\n<p style=\"text-align: justify\">Cal ressaltar que, encara que s&#8217;han implementat interf\u00edcies cerebrals no invasives basades en potencials evocats per a diferents aplicacions, la major part d&#8217;aquestes interf\u00edcies no han sigut desenvolupades per a pacients afectats de dany cerebral i\/o medul\u00b7lar sever. En aquests casos, les caracter\u00edstiques de cada pacient (zona cerebral danyada, utilitzaci\u00f3 d\u2019un equip de respiraci\u00f3 que afecte a la qualitat dels senyals EEG registrades, problemes per a fixar l&#8217;atenci\u00f3\u2026) fan necessari que, per a cada cas, s&#8217;haja de particularitzar el procediment de registre, processament i classificaci\u00f3 dels senyals EEG.<\/p>\n<p><strong>Objectius espec\u00edfics<\/strong><\/p>\n<p style=\"text-align: justify\">Per a aconseguir l&#8217;objectiu general del projecte \u00e9s necessari aconseguir els seg\u00fcents objectius espec\u00edfics:<\/p>\n<ul style=\"text-align: justify\">\n<li>Desenvolupar el sistema d&#8217;adquisici\u00f3 de senyals EEG. Aquest sistema ser\u00e0 l&#8217;encarregat d&#8217;obtenir, mitjan\u00e7ant el\u00e8ctrodes col\u00b7locats sobre el cuir cabellut, els senyals EEG. S&#8217;haur\u00e0 d&#8217;establir la configuraci\u00f3 d&#8217;el\u00e8ctrodes a utilitzar (nombre d&#8217;el\u00e8ctrodes i localitzaci\u00f3) de manera que siga possible la detecci\u00f3 dels potencials evocats. Aix\u00ed mateix s&#8217;haur\u00e0 de determinar els tipus de potencials evocats a emprar.<\/li>\n<li>Processar i classificar els senyals EEG de manera que siga possible detectar quan un est\u00edmul ha sigut at\u00e8s o no. Per a aix\u00f2, s&#8217;haur\u00e0 de desenvolupar un algoritme que extraga les principals caracter\u00edstiques dels senyals EEG, aix\u00ed com un classificador que determine si l&#8217;est\u00edmul ha sigut at\u00e8s o no en funci\u00f3 del vector de caracter\u00edstiques dels senyals EEG.<\/li>\n<li>Desenvolupar una interf\u00edcie visual que mostre, mitjan\u00e7ant icones, les diferents necessitats b\u00e0siques, estats emocionals i frases elementals. Per al disseny de la interf\u00edcie visual es tindran en compte les necessitats plantejades tant per les persones amb dany cerebral i\/o medul\u00b7lar sever com pels seus familiars. La interf\u00edcie generar\u00e0 els est\u00edmuls visuals necessaris determinant l&#8217;opci\u00f3 seleccionada per la persona.<\/li>\n<li>Avaluar el sistema per persones amb dany cerebral i\/o medul\u00b7lar sever.<\/li>\n<\/ul>\n<p><\/p>","protected":false},"excerpt":{"rendered":"<p>Objectius<br \/>\nL&#8217;objectiu principal d&#8217;aquest projecte \u00e9s desenvolupar una interf\u00edcie cerebral no invasiva basada en senyals EEG evocats, que permeta a una persona amb dany cerebral i\/o medul\u00b7lar sever expressar les seues necessitats b\u00e0siques. Per a aix\u00f2 es dissenyar\u00e0 una interf\u00edcie que presente a l&#8217;usuari certs s\u00edmbols que representen necessitats b\u00e0siques (fam, set, dolor, etc.), estats emocionals [&#8230;]<\/p>\n","protected":false},"author":802,"featured_media":0,"parent":0,"menu_order":1,"comment_status":"closed","ping_status":"open","template":"","meta":{"_links_to":"","_links_to_target":""},"_links":{"self":[{"href":"https:\/\/brain4help.umh.es\/ca\/wp-json\/wp\/v2\/pages\/6"}],"collection":[{"href":"https:\/\/brain4help.umh.es\/ca\/wp-json\/wp\/v2\/pages"}],"about":[{"href":"https:\/\/brain4help.umh.es\/ca\/wp-json\/wp\/v2\/types\/page"}],"author":[{"embeddable":true,"href":"https:\/\/brain4help.umh.es\/ca\/wp-json\/wp\/v2\/users\/802"}],"replies":[{"embeddable":true,"href":"https:\/\/brain4help.umh.es\/ca\/wp-json\/wp\/v2\/comments?post=6"}],"version-history":[{"count":0,"href":"https:\/\/brain4help.umh.es\/ca\/wp-json\/wp\/v2\/pages\/6\/revisions"}],"wp:attachment":[{"href":"https:\/\/brain4help.umh.es\/ca\/wp-json\/wp\/v2\/media?parent=6"}],"curies":[{"name":"wp","href":"https:\/\/api.w.org\/{rel}","templated":true}]}}