{"id":4,"date":"2013-01-18T14:47:09","date_gmt":"2013-01-18T13:47:09","guid":{"rendered":"http:\/\/brain4help.zeus.umh.es\/presentacion\/"},"modified":"2013-02-21T17:46:46","modified_gmt":"2013-02-21T16:46:46","slug":"presentacion","status":"publish","type":"page","link":"https:\/\/brain4help.umh.es\/ca\/","title":{"rendered":"Presentaci\u00f3"},"content":{"rendered":"<p><\/p>\n<h1 style=\"text-align: center\">PROJECTE MAPFRE 2013<\/h1>\n<p style=\"text-align: center\">\n<h2 style=\"text-align: center\">SISTEMA DE COMUNICACI\u00d3 DE NECESSITATS B\u00c0SIQUES<\/p>\n<p>BASAT EN SENYALS EEG PER A PERSONES AMB DANY CEREBRAL I\/O MEDUL\u00b7LAR SEVER<\/h2>\n<p style=\"text-align: center\">\n<p><a href=\"http:\/\/www.fundacionmapfre.org\/\"><img loading=\"lazy\" class=\"size-full wp-image-7 alignleft\" style=\"margin: 20px\" title=\"Ayudas a la investigaci\u00f3n 2012 - Mapfre\" src=\"https:\/\/brain4help.umh.es\/files\/2013\/01\/180-ayudas-investigacion-2012_tcm164-9312.jpg\" alt=\"\" width=\"180\" height=\"255\" \/><\/a><a href=\"https:\/\/brain4help.umh.es\/files\/2013\/01\/LOGO_FUNDACION_MAPFREdef.jpg\"><img loading=\"lazy\" class=\"size-medium wp-image-8 alignright\" style=\"margin: 20px\" title=\"LOGO_FUNDACION_MAPFREdef\" src=\"https:\/\/brain4help.umh.es\/files\/2013\/01\/LOGO_FUNDACION_MAPFREdef-300x80.jpg\" alt=\"\" width=\"178\" height=\"47\" srcset=\"https:\/\/brain4help.umh.es\/files\/2013\/01\/LOGO_FUNDACION_MAPFREdef-300x80.jpg 300w, https:\/\/brain4help.umh.es\/files\/2013\/01\/LOGO_FUNDACION_MAPFREdef-1023x275.jpg 1023w\" sizes=\"(max-width: 178px) 100vw, 178px\" \/><\/a><\/p>\n<p style=\"text-align: center\">El projecte ha sigut concedit per la <em><a title=\"Fundaci\u00f3n MAPFRE\" href=\"http:\/\/www.fundacionmapfre.org\/\" target=\"_blank\">Fundaci\u00f3 MAPFRE<\/a> <\/em>en la convocat\u00f2ria de \u201cAjudes a la Recerca 2012 en l&#8217;\u00c0rea de Salut\u201d per a ser desenvolupat pel Grup de Neuroenginyeria Biom\u00e8dica de la Universitat Miguel Hern\u00e1ndez d&#8217;Elx.<em> <\/em><\/p>\n<p><em> <\/em><\/p>\n<p><em> <\/em><\/p>\n<p style=\"text-align: center\"><a title=\"Bases de la convocatoria\" href=\"http:\/\/www.fundacionmapfre.org\/fundacion\/es_es\/prevencion-salud-medio-ambiente\/becas-y-ayudas\/ayudas-investigacion\/salud\/ano-2012\/ayudas-investigacion-2012-salud.jsp\" target=\"_blank\">Bases de la convocat\u00f2ria<\/a> &#8211; <a title=\"Fallo de la convocatoria\" href=\"http:\/\/www.fundacionmapfre.org\/fundacion\/es_es\/prevencion-salud-medio-ambiente\/becas-y-ayudas\/ayudas-investigacion\/salud\/ano-2012\/concurso-ayudas-investigacion-2012-salud.jsp\" target=\"_blank\">Decisi\u00f3 de la convocat\u00f2ria<\/a><\/p>\n<p><strong>Durada del projecte<\/strong>: del 14\/02\/2013 al 13\/02\/2014<\/p>\n<p><a href=\"https:\/\/brain4help.umh.es\/files\/2013\/01\/logoumhcuadradocopia.jpg\"><img loading=\"lazy\" class=\"size-medium wp-image-9 alignright\" style=\"margin: 20px\" title=\"logoumhcuadradocopia\" src=\"https:\/\/brain4help.umh.es\/files\/2013\/01\/logoumhcuadradocopia-296x300.jpg\" alt=\"\" width=\"178\" height=\"180\" srcset=\"https:\/\/brain4help.umh.es\/files\/2013\/01\/logoumhcuadradocopia-296x300.jpg 296w, https:\/\/brain4help.umh.es\/files\/2013\/01\/logoumhcuadradocopia.jpg 475w\" sizes=\"(max-width: 178px) 100vw, 178px\" \/><\/a><\/p>\n<p style=\"text-align: justify\">En l&#8217;actualitat existeixen nombroses persones amb dany cerebral i\/o medul\u00b7lar sever (0.69% de la poblaci\u00f3 a Espanya). Aquestes persones no poden comunicar-se de la forma habitual al no ser capa\u00e7os d&#8217;expressar-se ni verbal ni gestualment. A\u00e7\u00f2 dificulta que les persones del seu entorn puguen con\u00e8ixer el seu estat emocional o ajudar-los a satisfer les seues necessitats b\u00e0siques coneixent per exemple, si tenen fam, fred o somni.<\/p>\n<p style=\"text-align: justify\">Per a augmentar la qualitat de la comunicaci\u00f3 d&#8217;aquestes persones amb els seus familiars es proposa emprar les interf\u00edcies cervell-computador (en angl\u00e8s, Brain-Computer Interface: BCI). Aquestes permeten que les persones puguen interactuar o comunicar-se amb les persones del seu entorn a trav\u00e9s del seus senyals cerebrals, \u00e9s a dir, sense realitzar cap moviment motor. S&#8217;utilitzaran interf\u00edcies no invasives basades en els senyals electroencefalogr\u00e0ficas (EEG), que consisteixen a registrar l&#8217;activitat cerebral a trav\u00e9s d&#8217;el\u00e8ctrodes situats sobre el cuir cabellut.<\/p>\n<p style=\"text-align: justify\">Les interf\u00edcies BCI evocades seran les empleades en aquest projecte. Aquestes reflecteixen la resposta autom\u00e0tica del cervell a un est\u00edmul extern, generalment en forma d&#8217;est\u00edmul visual. L&#8217;usuari \u00fanicament ha de fixar la seua atenci\u00f3 en una de les opcions presentades en la pantalla, de manera que despr\u00e9s de generar-se uns determinats est\u00edmuls visuals, l&#8217;opci\u00f3 \u00e9s reconeguda a partir de la resposta cerebral de la persona. Aquest tipus d&#8217;interf\u00edcies han sigut desenvolupades pel nostre grup de recerca de forma reeixida per a crear aplicacions d&#8217;escriptura i control d&#8217;un teclat i ratol\u00ed per a l\u2019acc\u00e9s a Internet a partir de l&#8217;activitat cerebral de la persona.<\/p>\n<p><\/p>","protected":false},"excerpt":{"rendered":"<p>PROJECTE MAPFRE 2013<\/p>\n<p>SISTEMA DE COMUNICACI\u00d3 DE NECESSITATS B\u00c0SIQUES<br \/>\nBASAT EN SENYALS EEG PER A PERSONES AMB DANY CEREBRAL I\/O MEDUL\u00b7LAR SEVER<\/p>\n<p>El projecte ha sigut concedit per la Fundaci\u00f3 MAPFRE en la convocat\u00f2ria de \u201cAjudes a la Recerca 2012 en l&#8217;\u00c0rea de Salut\u201d per a ser desenvolupat pel Grup de Neuroenginyeria Biom\u00e8dica de la Universitat Miguel Hern\u00e1ndez [&#8230;]<\/p>\n","protected":false},"author":802,"featured_media":0,"parent":0,"menu_order":0,"comment_status":"closed","ping_status":"open","template":"","meta":{"_links_to":"","_links_to_target":""},"_links":{"self":[{"href":"https:\/\/brain4help.umh.es\/ca\/wp-json\/wp\/v2\/pages\/4"}],"collection":[{"href":"https:\/\/brain4help.umh.es\/ca\/wp-json\/wp\/v2\/pages"}],"about":[{"href":"https:\/\/brain4help.umh.es\/ca\/wp-json\/wp\/v2\/types\/page"}],"author":[{"embeddable":true,"href":"https:\/\/brain4help.umh.es\/ca\/wp-json\/wp\/v2\/users\/802"}],"replies":[{"embeddable":true,"href":"https:\/\/brain4help.umh.es\/ca\/wp-json\/wp\/v2\/comments?post=4"}],"version-history":[{"count":0,"href":"https:\/\/brain4help.umh.es\/ca\/wp-json\/wp\/v2\/pages\/4\/revisions"}],"wp:attachment":[{"href":"https:\/\/brain4help.umh.es\/ca\/wp-json\/wp\/v2\/media?parent=4"}],"curies":[{"name":"wp","href":"https:\/\/api.w.org\/{rel}","templated":true}]}}